{"id":4222,"date":"2025-08-25T16:03:47","date_gmt":"2025-08-25T14:03:47","guid":{"rendered":"https:\/\/bolli.ping-ag.ch\/produkt\/kiltnadeln\/"},"modified":"2025-08-25T16:04:04","modified_gmt":"2025-08-25T14:04:04","slug":"kiltnadeln","status":"publish","type":"product","link":"https:\/\/bolli.ping-ag.ch\/fr\/produit\/kiltnadeln\/","title":{"rendered":"<div class='designation1'>\u00e9pingle de s\u00fbret\u00e9 kilt<\/div><div class='designation2'>76 mm<\/div>"},"content":{"rendered":"","protected":false},"excerpt":{"rendered":"<p>\u00e9pingle de s\u00fbret\u00e9 kilt<\/p>","protected":false},"featured_media":4220,"comment_status":"open","ping_status":"closed","template":"","meta":[],"product_brand":[],"product_cat":[439,618,170],"product_tag":[],"class_list":{"0":"post-4222","1":"product","2":"type-product","3":"status-publish","4":"has-post-thumbnail","6":"product_cat-mercerie","7":"product_cat-sicherheitsnadeln","8":"product_cat-verschlsse","10":"first","11":"instock","12":"taxable","13":"shipping-taxable","14":"purchasable","15":"product-type-variable"},"_links":{"self":[{"href":"https:\/\/bolli.ping-ag.ch\/fr\/wp-json\/wp\/v2\/product\/4222","targetHints":{"allow":["GET"]}}],"collection":[{"href":"https:\/\/bolli.ping-ag.ch\/fr\/wp-json\/wp\/v2\/product"}],"about":[{"href":"https:\/\/bolli.ping-ag.ch\/fr\/wp-json\/wp\/v2\/types\/product"}],"replies":[{"embeddable":true,"href":"https:\/\/bolli.ping-ag.ch\/fr\/wp-json\/wp\/v2\/comments?post=4222"}],"wp:featuredmedia":[{"embeddable":true,"href":"https:\/\/bolli.ping-ag.ch\/fr\/wp-json\/wp\/v2\/media\/4220"}],"wp:attachment":[{"href":"https:\/\/bolli.ping-ag.ch\/fr\/wp-json\/wp\/v2\/media?parent=4222"}],"wp:term":[{"taxonomy":"product_brand","embeddable":true,"href":"https:\/\/bolli.ping-ag.ch\/fr\/wp-json\/wp\/v2\/product_brand?post=4222"},{"taxonomy":"product_cat","embeddable":true,"href":"https:\/\/bolli.ping-ag.ch\/fr\/wp-json\/wp\/v2\/product_cat?post=4222"},{"taxonomy":"product_tag","embeddable":true,"href":"https:\/\/bolli.ping-ag.ch\/fr\/wp-json\/wp\/v2\/product_tag?post=4222"}],"curies":[{"name":"wp","href":"https:\/\/api.w.org\/{rel}","templated":true}]}}