{"id":3988,"date":"2025-08-25T15:57:35","date_gmt":"2025-08-25T13:57:35","guid":{"rendered":"https:\/\/bolli.ping-ag.ch\/produkt\/sommerjogger-leicht\/"},"modified":"2025-08-25T15:58:45","modified_gmt":"2025-08-25T13:58:45","slug":"sommerjogger-leicht","status":"publish","type":"product","link":"https:\/\/bolli.ping-ag.ch\/fr\/produit\/sommerjogger-leicht\/","title":{"rendered":"<div class='designation1'>jogging d'\u00e9t\u00e9 l\u00e9g\u00e8re<\/div><div class='designation2'>160cm, 95%CO, 5%Spa, 280g\/m2, &Ouml;ko-Tex<\/div>"},"content":{"rendered":"<div class='html translation-block'>\n<p><span style=\"font-weight:bold;font-family:Arial;font-size:16px;color:#ff0033\">Diverses autres couleurs sont disponibles &#224; l&#8217;article 1683!<\/span><\/p>\n<\/p>\n<\/div>","protected":false},"excerpt":{"rendered":"<p>jogging d'\u00e9t\u00e9 l\u00e9g\u00e8re<\/p>","protected":false},"featured_media":3985,"comment_status":"open","ping_status":"closed","template":"","meta":[],"product_brand":[],"product_cat":[149,633,438,505],"product_tag":[],"class_list":{"0":"post-3988","1":"product","2":"type-product","3":"status-publish","4":"has-post-thumbnail","6":"product_cat-qualitten","7":"product_cat-sommersweat-french-terry-uni","8":"product_cat-stoffe","9":"product_cat-sweat-jogging","11":"first","12":"instock","13":"taxable","14":"shipping-taxable","15":"purchasable","16":"product-type-variable"},"_links":{"self":[{"href":"https:\/\/bolli.ping-ag.ch\/fr\/wp-json\/wp\/v2\/product\/3988","targetHints":{"allow":["GET"]}}],"collection":[{"href":"https:\/\/bolli.ping-ag.ch\/fr\/wp-json\/wp\/v2\/product"}],"about":[{"href":"https:\/\/bolli.ping-ag.ch\/fr\/wp-json\/wp\/v2\/types\/product"}],"replies":[{"embeddable":true,"href":"https:\/\/bolli.ping-ag.ch\/fr\/wp-json\/wp\/v2\/comments?post=3988"}],"wp:featuredmedia":[{"embeddable":true,"href":"https:\/\/bolli.ping-ag.ch\/fr\/wp-json\/wp\/v2\/media\/3985"}],"wp:attachment":[{"href":"https:\/\/bolli.ping-ag.ch\/fr\/wp-json\/wp\/v2\/media?parent=3988"}],"wp:term":[{"taxonomy":"product_brand","embeddable":true,"href":"https:\/\/bolli.ping-ag.ch\/fr\/wp-json\/wp\/v2\/product_brand?post=3988"},{"taxonomy":"product_cat","embeddable":true,"href":"https:\/\/bolli.ping-ag.ch\/fr\/wp-json\/wp\/v2\/product_cat?post=3988"},{"taxonomy":"product_tag","embeddable":true,"href":"https:\/\/bolli.ping-ag.ch\/fr\/wp-json\/wp\/v2\/product_tag?post=3988"}],"curies":[{"name":"wp","href":"https:\/\/api.w.org\/{rel}","templated":true}]}}