{"id":1964,"date":"2025-08-20T18:13:19","date_gmt":"2025-08-20T16:13:19","guid":{"rendered":"https:\/\/bolli.ping-ag.ch\/produkt\/quiltnadeln-gemischt\/"},"modified":"2025-08-25T15:44:20","modified_gmt":"2025-08-25T13:44:20","slug":"quiltnadeln-gemischt","status":"publish","type":"product","link":"https:\/\/bolli.ping-ag.ch\/fr\/produit\/quiltnadeln-gemischt\/","title":{"rendered":"<div class='designation1'>aiguilles \u00e0 coudre, m\u00e9lang\u00e9<\/div><div class='designation2'>gr. 5\/10, 20 pi&egrave;ces<\/div>"},"content":{"rendered":"","protected":false},"excerpt":{"rendered":"<p>aiguilles \u00e0 coudre, m\u00e9lang\u00e9<\/p>","protected":false},"featured_media":1963,"comment_status":"open","ping_status":"closed","template":"","meta":[],"product_brand":[],"product_cat":[172,439,542],"product_tag":[],"class_list":{"0":"post-1964","1":"product","2":"type-product","3":"status-publish","4":"has-post-thumbnail","6":"product_cat-kurzwaren-nhzubehr","7":"product_cat-mercerie","8":"product_cat-nhnadeln","10":"first","11":"instock","12":"taxable","13":"shipping-taxable","14":"purchasable","15":"product-type-simple"},"_links":{"self":[{"href":"https:\/\/bolli.ping-ag.ch\/fr\/wp-json\/wp\/v2\/product\/1964","targetHints":{"allow":["GET"]}}],"collection":[{"href":"https:\/\/bolli.ping-ag.ch\/fr\/wp-json\/wp\/v2\/product"}],"about":[{"href":"https:\/\/bolli.ping-ag.ch\/fr\/wp-json\/wp\/v2\/types\/product"}],"replies":[{"embeddable":true,"href":"https:\/\/bolli.ping-ag.ch\/fr\/wp-json\/wp\/v2\/comments?post=1964"}],"wp:featuredmedia":[{"embeddable":true,"href":"https:\/\/bolli.ping-ag.ch\/fr\/wp-json\/wp\/v2\/media\/1963"}],"wp:attachment":[{"href":"https:\/\/bolli.ping-ag.ch\/fr\/wp-json\/wp\/v2\/media?parent=1964"}],"wp:term":[{"taxonomy":"product_brand","embeddable":true,"href":"https:\/\/bolli.ping-ag.ch\/fr\/wp-json\/wp\/v2\/product_brand?post=1964"},{"taxonomy":"product_cat","embeddable":true,"href":"https:\/\/bolli.ping-ag.ch\/fr\/wp-json\/wp\/v2\/product_cat?post=1964"},{"taxonomy":"product_tag","embeddable":true,"href":"https:\/\/bolli.ping-ag.ch\/fr\/wp-json\/wp\/v2\/product_tag?post=1964"}],"curies":[{"name":"wp","href":"https:\/\/api.w.org\/{rel}","templated":true}]}}